{"id":5994,"date":"2023-11-16T13:45:09","date_gmt":"2023-11-16T12:45:09","guid":{"rendered":"https:\/\/formacioacl.com\/espacio-del-alumno-a\/"},"modified":"2026-01-22T19:04:42","modified_gmt":"2026-01-22T18:04:42","slug":"espacio-del-alumno-a","status":"publish","type":"page","link":"https:\/\/formacioacl.com\/es\/espacio-del-alumno-a\/","title":{"rendered":"Espacio del alumno\/a"},"content":{"rendered":"<style>.kadence-column5994_a8002d-bd > .kt-inside-inner-col,.kadence-column5994_a8002d-bd > .kt-inside-inner-col:before{border-top-left-radius:0px;border-top-right-radius:0px;border-bottom-right-radius:0px;border-bottom-left-radius:0px;}.kadence-column5994_a8002d-bd > .kt-inside-inner-col{column-gap:var(--global-kb-gap-sm, 1rem);}.kadence-column5994_a8002d-bd > .kt-inside-inner-col{flex-direction:column;}.kadence-column5994_a8002d-bd > .kt-inside-inner-col > .aligncenter{width:100%;}.kadence-column5994_a8002d-bd > .kt-inside-inner-col:before{opacity:0.3;}.kadence-column5994_a8002d-bd{position:relative;}@media all and (max-width: 1024px){.kadence-column5994_a8002d-bd > .kt-inside-inner-col{flex-direction:column;justify-content:center;}}@media all and (max-width: 767px){.kadence-column5994_a8002d-bd > .kt-inside-inner-col{flex-direction:column;justify-content:center;}}<\/style>\n<div class=\"wp-block-kadence-column kadence-column5994_a8002d-bd\"><div class=\"kt-inside-inner-col\"><style>.wp-block-kadence-advancedheading.kt-adv-heading5994_d5fa7a-d4, .wp-block-kadence-advancedheading.kt-adv-heading5994_d5fa7a-d4[data-kb-block=\"kb-adv-heading5994_d5fa7a-d4\"]{text-align:center;font-style:normal;}.wp-block-kadence-advancedheading.kt-adv-heading5994_d5fa7a-d4 mark.kt-highlight, .wp-block-kadence-advancedheading.kt-adv-heading5994_d5fa7a-d4[data-kb-block=\"kb-adv-heading5994_d5fa7a-d4\"] mark.kt-highlight{font-style:normal;color:#f76a0c;-webkit-box-decoration-break:clone;box-decoration-break:clone;padding-top:0px;padding-right:0px;padding-bottom:0px;padding-left:0px;}.wp-block-kadence-advancedheading.kt-adv-heading5994_d5fa7a-d4 img.kb-inline-image, .wp-block-kadence-advancedheading.kt-adv-heading5994_d5fa7a-d4[data-kb-block=\"kb-adv-heading5994_d5fa7a-d4\"] img.kb-inline-image{width:150px;vertical-align:baseline;}<\/style>\n<h1 class=\"kt-adv-heading5994_d5fa7a-d4 wp-block-kadence-advancedheading\" data-kb-block=\"kb-adv-heading5994_d5fa7a-d4\">\u00a1Bienvenido al espacio del alumno\/a!<\/h1>\n\n\n\n<p class=\"has-text-align-center\">\u00c9ste es tu espacio personal. Aqu\u00ed podr\u00e1s consultar los cursos a los que est\u00e1s inscrito\/a, tu progreso, etc.<\/p>\n\n\n\n<div class=\"wp-block-columns is-layout-flex wp-container-core-columns-is-layout-9d6595d7 wp-block-columns-is-layout-flex\">\n<div class=\"wp-block-column is-layout-flow wp-block-column-is-layout-flow\" style=\"flex-basis:25%\"><\/div>\n\n\n\n<div class=\"wp-block-column is-layout-flow wp-block-column-is-layout-flow\" style=\"flex-basis:25%\"><style>.wp-block-kadence-advancedbtn.kb-btns5994_fc55b1-6a{gap:var(--global-kb-gap-xs, 0.5rem );justify-content:center;align-items:center;}.kt-btns5994_fc55b1-6a .kt-button{font-weight:normal;font-style:normal;}.kt-btns5994_fc55b1-6a .kt-btn-wrap-0{margin-right:5px;}.wp-block-kadence-advancedbtn.kt-btns5994_fc55b1-6a .kt-btn-wrap-0 .kt-button{color:#555555;border-color:#555555;}.wp-block-kadence-advancedbtn.kt-btns5994_fc55b1-6a .kt-btn-wrap-0 .kt-button:hover, .wp-block-kadence-advancedbtn.kt-btns5994_fc55b1-6a .kt-btn-wrap-0 .kt-button:focus{color:#ffffff;border-color:#444444;}.wp-block-kadence-advancedbtn.kt-btns5994_fc55b1-6a .kt-btn-wrap-0 .kt-button::before{display:none;}.wp-block-kadence-advancedbtn.kt-btns5994_fc55b1-6a .kt-btn-wrap-0 .kt-button:hover, .wp-block-kadence-advancedbtn.kt-btns5994_fc55b1-6a .kt-btn-wrap-0 .kt-button:focus{background:#444444;}<\/style>\n<div class=\"wp-block-kadence-advancedbtn kb-buttons-wrap kb-btns5994_fc55b1-6a\"><style>ul.menu .wp-block-kadence-advancedbtn .kb-btn5994_c001d3-c3.kb-button{width:initial;}.wp-block-kadence-advancedbtn .kb-btn5994_c001d3-c3.kb-button{color:var(--global-palette9, #ffffff);background:#8e43f0;font-size:0.9em;border-top-left-radius:20px;border-top-right-radius:20px;border-bottom-right-radius:20px;border-bottom-left-radius:20px;}.kb-btn5994_c001d3-c3.kb-button .kb-svg-icon-wrap{padding-right:var(--global-kb-spacing-3xl, 6.5rem);font-size:15px;--kb-button-icon-size:15px;}.wp-block-kadence-advancedbtn .kb-btn5994_c001d3-c3.kb-button:hover, .wp-block-kadence-advancedbtn .kb-btn5994_c001d3-c3.kb-button:focus{background:#6d00ff;}<\/style><a class=\"kb-button kt-button button kb-btn5994_c001d3-c3 kt-btn-size-standard kt-btn-width-type-full kb-btn-global-fill  kt-btn-has-text-true kt-btn-has-svg-true  wp-block-kadence-singlebtn\" href=\"https:\/\/formacioacl.com\/es\/recuperar-contrasena\/\"><span class=\"kb-svg-icon-wrap kb-svg-icon-ic_locked kt-btn-icon-side-left\"><svg viewBox=\"0 0 8 8\"  fill=\"currentColor\" xmlns=\"http:\/\/www.w3.org\/2000\/svg\"  aria-hidden=\"true\"><path d=\"M3 0c-1.1 0-2 .9-2 2v1h-1v4h6v-4h-1v-1c0-1.1-.9-2-2-2zm0 1c.56 0 1 .44 1 1v1h-2v-1c0-.56.44-1 1-1z\" transform=\"translate(1)\"\/><\/svg><\/span><span class=\"kt-btn-inner-text\">Restablecer contrase\u00f1a<\/span><\/a><\/div>\n<\/div>\n\n\n\n<div class=\"wp-block-column is-layout-flow wp-block-column-is-layout-flow\" style=\"flex-basis:25%\"><div class=\"learndash-wrap\"><div class=\"learndash-wrapper\"><a class=\"ld-login ld-login ld-login-text ld-login-button ld-button\" href=\"https:\/\/formacioacl.com\/wp-login.php?itsec-hb-token=gestor&lang=es&amp;redirect_to=https%3A%2F%2Fformacioacl.com%2Fes%2Fespacio-del-alumno-a%2F\"><span class=\"ld-icon ld-icon-login ld-icon-left\"><\/span>Iniciar sesi\u00f3n<\/a><\/div><\/div><\/div>\n<\/div>\n\n\n<\/div><\/div>\n\n\n\n\n\n<div style=\"height:20px\" aria-hidden=\"true\" class=\"wp-block-spacer\"><\/div>\n\n\n\n\n","protected":false},"excerpt":{"rendered":"<p>\u00a1Bienvenido al espacio del alumno\/a! \u00c9ste es tu espacio personal. Aqu\u00ed podr\u00e1s consultar los cursos a los que est\u00e1s inscrito\/a, tu progreso, etc.<\/p>\n","protected":false},"author":1,"featured_media":0,"parent":0,"menu_order":0,"comment_status":"closed","ping_status":"closed","template":"","meta":{"_acf_changed":false,"_kad_blocks_custom_css":"","_kad_blocks_head_custom_js":"","_kad_blocks_body_custom_js":"","_kad_blocks_footer_custom_js":"","_kad_post_transparent":"","_kad_post_title":"hide","_kad_post_layout":"normal","_kad_post_sidebar_id":"","_kad_post_content_style":"","_kad_post_vertical_padding":"","_kad_post_feature":"","_kad_post_feature_position":"","_kad_post_header":false,"_kad_post_footer":false,"footnotes":""},"class_list":["post-5994","page","type-page","status-publish","hentry"],"acf":[],"taxonomy_info":[],"featured_image_src_large":false,"author_info":{"display_name":"R@u1P3r3zM4rt1n3z","author_link":"https:\/\/formacioacl.com\/es\/author\/ru1p3r3zm4rt1n3z\/"},"comment_info":0,"_links":{"self":[{"href":"https:\/\/formacioacl.com\/es\/wp-json\/wp\/v2\/pages\/5994","targetHints":{"allow":["GET"]}}],"collection":[{"href":"https:\/\/formacioacl.com\/es\/wp-json\/wp\/v2\/pages"}],"about":[{"href":"https:\/\/formacioacl.com\/es\/wp-json\/wp\/v2\/types\/page"}],"author":[{"embeddable":true,"href":"https:\/\/formacioacl.com\/es\/wp-json\/wp\/v2\/users\/1"}],"replies":[{"embeddable":true,"href":"https:\/\/formacioacl.com\/es\/wp-json\/wp\/v2\/comments?post=5994"}],"version-history":[{"count":25,"href":"https:\/\/formacioacl.com\/es\/wp-json\/wp\/v2\/pages\/5994\/revisions"}],"predecessor-version":[{"id":8280,"href":"https:\/\/formacioacl.com\/es\/wp-json\/wp\/v2\/pages\/5994\/revisions\/8280"}],"wp:attachment":[{"href":"https:\/\/formacioacl.com\/es\/wp-json\/wp\/v2\/media?parent=5994"}],"curies":[{"name":"wp","href":"https:\/\/api.w.org\/{rel}","templated":true}]}}