{"id":5990,"date":"2023-12-03T16:05:08","date_gmt":"2023-12-03T15:05:08","guid":{"rendered":"https:\/\/formacioacl.com\/recuperar-contrasena\/"},"modified":"2025-03-20T18:00:37","modified_gmt":"2025-03-20T17:00:37","slug":"recuperar-contrasena","status":"publish","type":"page","link":"https:\/\/formacioacl.com\/es\/recuperar-contrasena\/","title":{"rendered":"Recuperar contrase\u00f1a"},"content":{"rendered":"<style>.wp-block-kadence-advancedheading.kt-adv-heading5990_c176f2-1d, .wp-block-kadence-advancedheading.kt-adv-heading5990_c176f2-1d[data-kb-block=\"kb-adv-heading5990_c176f2-1d\"]{font-style:normal;}.wp-block-kadence-advancedheading.kt-adv-heading5990_c176f2-1d mark.kt-highlight, .wp-block-kadence-advancedheading.kt-adv-heading5990_c176f2-1d[data-kb-block=\"kb-adv-heading5990_c176f2-1d\"] mark.kt-highlight{font-style:normal;color:#f76a0c;-webkit-box-decoration-break:clone;box-decoration-break:clone;padding-top:0px;padding-right:0px;padding-bottom:0px;padding-left:0px;}.wp-block-kadence-advancedheading.kt-adv-heading5990_c176f2-1d img.kb-inline-image, .wp-block-kadence-advancedheading.kt-adv-heading5990_c176f2-1d[data-kb-block=\"kb-adv-heading5990_c176f2-1d\"] img.kb-inline-image{width:150px;vertical-align:baseline;}<\/style>\n<h3 class=\"kt-adv-heading5990_c176f2-1d wp-block-kadence-advancedheading\" data-kb-block=\"kb-adv-heading5990_c176f2-1d\">Introduce tu nombre de usuario o direcci\u00f3n de correo electr\u00f3nico. Recibir\u00e1s en tu correo electr\u00f3nico un enlace para crear una nueva contrase\u00f1a.<\/h3>\n\n\n<style>.kb-row-layout-id5990_128194-f2 > .kt-row-column-wrap{align-content:start;}:where(.kb-row-layout-id5990_128194-f2 > .kt-row-column-wrap) > .wp-block-kadence-column{justify-content:start;}.kb-row-layout-id5990_128194-f2 > .kt-row-column-wrap{column-gap:var(--global-kb-gap-md, 2rem);row-gap:var(--global-kb-gap-md, 2rem);padding-top:var(--global-kb-spacing-sm, 1.5rem);padding-bottom:var(--global-kb-spacing-sm, 1.5rem);}.kb-row-layout-id5990_128194-f2 > .kt-row-column-wrap > div:not(.added-for-specificity){grid-column:initial;}.kb-row-layout-id5990_128194-f2 > .kt-row-column-wrap{grid-template-columns:minmax(0, 1fr) minmax(0, 2fr) minmax(0, 1fr);}.kb-row-layout-id5990_128194-f2 > .kt-row-layout-overlay{opacity:0.30;}@media all and (max-width: 1024px){.kb-row-layout-id5990_128194-f2 > .kt-row-column-wrap > div:not(.added-for-specificity){grid-column:initial;}}@media all and (max-width: 1024px){.kb-row-layout-id5990_128194-f2 > .kt-row-column-wrap{grid-template-columns:minmax(0, 1fr) minmax(0, 2fr) minmax(0, 1fr);}}@media all and (max-width: 767px){.kb-row-layout-id5990_128194-f2 > .kt-row-column-wrap > div:not(.added-for-specificity){grid-column:initial;}.kb-row-layout-id5990_128194-f2 > .kt-row-column-wrap{grid-template-columns:minmax(0, 1fr);}}<\/style><div class=\"kb-row-layout-wrap kb-row-layout-id5990_128194-f2 alignnone wp-block-kadence-rowlayout\"><div class=\"kt-row-column-wrap kt-has-3-columns kt-row-layout-center-half kt-tab-layout-inherit kt-mobile-layout-row kt-row-valign-top\">\n<style>.kadence-column5990_9352c9-08 > .kt-inside-inner-col,.kadence-column5990_9352c9-08 > .kt-inside-inner-col:before{border-top-left-radius:0px;border-top-right-radius:0px;border-bottom-right-radius:0px;border-bottom-left-radius:0px;}.kadence-column5990_9352c9-08 > .kt-inside-inner-col{column-gap:var(--global-kb-gap-sm, 1rem);}.kadence-column5990_9352c9-08 > .kt-inside-inner-col{flex-direction:column;}.kadence-column5990_9352c9-08 > .kt-inside-inner-col > .aligncenter{width:100%;}.kadence-column5990_9352c9-08 > .kt-inside-inner-col:before{opacity:0.3;}.kadence-column5990_9352c9-08{position:relative;}@media all and (max-width: 1024px){.kadence-column5990_9352c9-08 > .kt-inside-inner-col{flex-direction:column;justify-content:center;}}@media all and (max-width: 767px){.kadence-column5990_9352c9-08 > .kt-inside-inner-col{flex-direction:column;justify-content:center;}}<\/style>\n<div class=\"wp-block-kadence-column kadence-column5990_9352c9-08\"><div class=\"kt-inside-inner-col\"><\/div><\/div>\n\n\n<style>.kadence-column5990_99f55a-ce > .kt-inside-inner-col,.kadence-column5990_99f55a-ce > .kt-inside-inner-col:before{border-top-left-radius:0px;border-top-right-radius:0px;border-bottom-right-radius:0px;border-bottom-left-radius:0px;}.kadence-column5990_99f55a-ce > .kt-inside-inner-col{column-gap:var(--global-kb-gap-sm, 1rem);}.kadence-column5990_99f55a-ce > .kt-inside-inner-col{flex-direction:column;}.kadence-column5990_99f55a-ce > .kt-inside-inner-col > .aligncenter{width:100%;}.kadence-column5990_99f55a-ce > .kt-inside-inner-col:before{opacity:0.3;}.kadence-column5990_99f55a-ce{position:relative;}@media all and (max-width: 1024px){.kadence-column5990_99f55a-ce > .kt-inside-inner-col{flex-direction:column;justify-content:center;}}@media all and (max-width: 767px){.kadence-column5990_99f55a-ce > .kt-inside-inner-col{flex-direction:column;justify-content:center;}}<\/style>\n<div class=\"wp-block-kadence-column kadence-column5990_99f55a-ce\"><div class=\"kt-inside-inner-col\"><div class=\"learndash-wrap\"><div class=\"learndash-wrapper\">\n\t\t<div class=\"learndash-wrapper\">\n\t\t<div id=\"learndash-reset-password-wrapper\" >\n\t\t\t\t\t\t\t<form action=\"\" method=\"POST\">\n\t\t\t\t\t<p>\n\t\t\t\t\t\t<label for=\"reset_password\">Nombre de usuaria\/o o correo electr\u00f3nico<\/label>\n\t\t\t\t\t\t<input type=\"text\" name=\"user_login\" id=\"user_login\" autocapitalize=\"off\" autocomplete=\"off\" \/>\n\t\t\t\t\t\t<input type=\"hidden\" id=\"learndash-reset-password-form-nonce\" name=\"learndash-reset-password-form-nonce\" value=\"86750b4174\" \/><input type=\"hidden\" name=\"_wp_http_referer\" value=\"\/es\/wp-json\/wp\/v2\/pages\/5990\" \/>\t\t\t\t\t<\/p>\n\t\t\t\t\t<input type=\"submit\" value=\"Restablecer la contrase\u00f1a\"\/>\n\t\t\t\t<\/form>\n\t\t\t\t\t\t<\/div>\n\t<\/div>\n\t<\/div><\/div><\/div>\n\n\n<style>.kadence-column5990_d59fd6-3a > .kt-inside-inner-col,.kadence-column5990_d59fd6-3a > .kt-inside-inner-col:before{border-top-left-radius:0px;border-top-right-radius:0px;border-bottom-right-radius:0px;border-bottom-left-radius:0px;}.kadence-column5990_d59fd6-3a > .kt-inside-inner-col{column-gap:var(--global-kb-gap-sm, 1rem);}.kadence-column5990_d59fd6-3a > .kt-inside-inner-col{flex-direction:column;}.kadence-column5990_d59fd6-3a > .kt-inside-inner-col > .aligncenter{width:100%;}.kadence-column5990_d59fd6-3a > .kt-inside-inner-col:before{opacity:0.3;}.kadence-column5990_d59fd6-3a{position:relative;}@media all and (max-width: 1024px){.kadence-column5990_d59fd6-3a > .kt-inside-inner-col{flex-direction:column;justify-content:center;}}@media all and (max-width: 767px){.kadence-column5990_d59fd6-3a > .kt-inside-inner-col{flex-direction:column;justify-content:center;}}<\/style>\n<div class=\"wp-block-kadence-column kadence-column5990_d59fd6-3a\"><div class=\"kt-inside-inner-col\"><\/div><\/div>\n\n<\/div><\/div>","protected":false},"excerpt":{"rendered":"<p>Introduce tu nombre de usuario o direcci\u00f3n de correo electr\u00f3nico. Recibir\u00e1s en tu correo electr\u00f3nico un enlace para crear una nueva contrase\u00f1a.<\/p>\n","protected":false},"author":1,"featured_media":0,"parent":0,"menu_order":0,"comment_status":"closed","ping_status":"closed","template":"","meta":{"_acf_changed":false,"_kad_blocks_custom_css":"","_kad_blocks_head_custom_js":"","_kad_blocks_body_custom_js":"","_kad_blocks_footer_custom_js":"","_kad_post_transparent":"","_kad_post_title":"hide","_kad_post_layout":"normal","_kad_post_sidebar_id":"","_kad_post_content_style":"","_kad_post_vertical_padding":"","_kad_post_feature":"","_kad_post_feature_position":"","_kad_post_header":false,"_kad_post_footer":false,"footnotes":""},"class_list":["post-5990","page","type-page","status-publish","hentry"],"acf":[],"taxonomy_info":[],"featured_image_src_large":false,"author_info":{"display_name":"R@u1P3r3zM4rt1n3z","author_link":"https:\/\/formacioacl.com\/es\/author\/ru1p3r3zm4rt1n3z\/"},"comment_info":0,"_links":{"self":[{"href":"https:\/\/formacioacl.com\/es\/wp-json\/wp\/v2\/pages\/5990","targetHints":{"allow":["GET"]}}],"collection":[{"href":"https:\/\/formacioacl.com\/es\/wp-json\/wp\/v2\/pages"}],"about":[{"href":"https:\/\/formacioacl.com\/es\/wp-json\/wp\/v2\/types\/page"}],"author":[{"embeddable":true,"href":"https:\/\/formacioacl.com\/es\/wp-json\/wp\/v2\/users\/1"}],"replies":[{"embeddable":true,"href":"https:\/\/formacioacl.com\/es\/wp-json\/wp\/v2\/comments?post=5990"}],"version-history":[{"count":4,"href":"https:\/\/formacioacl.com\/es\/wp-json\/wp\/v2\/pages\/5990\/revisions"}],"predecessor-version":[{"id":6041,"href":"https:\/\/formacioacl.com\/es\/wp-json\/wp\/v2\/pages\/5990\/revisions\/6041"}],"wp:attachment":[{"href":"https:\/\/formacioacl.com\/es\/wp-json\/wp\/v2\/media?parent=5990"}],"curies":[{"name":"wp","href":"https:\/\/api.w.org\/{rel}","templated":true}]}}