{"id":5982,"date":"2023-10-24T17:48:02","date_gmt":"2023-10-24T16:48:02","guid":{"rendered":"https:\/\/formacioacl.com\/politica-de-privacidad\/"},"modified":"2025-09-02T18:02:35","modified_gmt":"2025-09-02T17:02:35","slug":"politica-de-privacidad","status":"publish","type":"page","link":"https:\/\/formacioacl.com\/es\/politica-de-privacidad\/","title":{"rendered":"Pol\u00edtica de privacidad"},"content":{"rendered":"\n<h1 class=\"wp-block-heading\">Pol\u00edtica de privacidad<\/h1>\n\n\n<style>.kb-row-layout-id5982_fcf61a-a2 > .kt-row-column-wrap{align-content:start;}:where(.kb-row-layout-id5982_fcf61a-a2 > .kt-row-column-wrap) > .wp-block-kadence-column{justify-content:start;}.kb-row-layout-id5982_fcf61a-a2 > .kt-row-column-wrap{column-gap:var(--global-kb-gap-md, 2rem);row-gap:var(--global-kb-gap-md, 2rem);padding-top:var(--global-kb-spacing-sm, 1.5rem);padding-bottom:var(--global-kb-spacing-sm, 1.5rem);grid-template-columns:minmax(0, 1fr);}.kb-row-layout-id5982_fcf61a-a2 > .kt-row-layout-overlay{opacity:0.30;}@media all and (max-width: 1024px){.kb-row-layout-id5982_fcf61a-a2 > .kt-row-column-wrap{grid-template-columns:minmax(0, 1fr);}}@media all and (max-width: 767px){.kb-row-layout-id5982_fcf61a-a2 > .kt-row-column-wrap{grid-template-columns:minmax(0, 1fr);}}<\/style><div class=\"kb-row-layout-wrap kb-row-layout-id5982_fcf61a-a2 alignnone wp-block-kadence-rowlayout\"><div class=\"kt-row-column-wrap kt-has-1-columns kt-row-layout-equal kt-tab-layout-inherit kt-mobile-layout-row kt-row-valign-top\">\n<style>.kadence-column5982_f77b88-4a > .kt-inside-inner-col,.kadence-column5982_f77b88-4a > .kt-inside-inner-col:before{border-top-left-radius:0px;border-top-right-radius:0px;border-bottom-right-radius:0px;border-bottom-left-radius:0px;}.kadence-column5982_f77b88-4a > .kt-inside-inner-col{column-gap:var(--global-kb-gap-sm, 1rem);}.kadence-column5982_f77b88-4a > .kt-inside-inner-col{flex-direction:column;}.kadence-column5982_f77b88-4a > .kt-inside-inner-col > .aligncenter{width:100%;}.kadence-column5982_f77b88-4a > .kt-inside-inner-col:before{opacity:0.3;}.kadence-column5982_f77b88-4a{position:relative;}@media all and (max-width: 1024px){.kadence-column5982_f77b88-4a > .kt-inside-inner-col{flex-direction:column;justify-content:center;}}@media all and (max-width: 767px){.kadence-column5982_f77b88-4a > .kt-inside-inner-col{flex-direction:column;justify-content:center;}}<\/style>\n<div class=\"wp-block-kadence-column kadence-column5982_f77b88-4a\"><div class=\"kt-inside-inner-col\">\n<p>Cuando requerimos obtener informaci\u00f3n por su parte, siempre le solicitaremos que nos la proporcione voluntariamente de manera expresa. Los datos recaudados a trav\u00e9s de los formularios de recogida de datos del sitio web u otras v\u00edas ser\u00e1n incorporados a los sistemas de tratamiento de <em><strong>ASSOCIACI\u00d3 CATALANA DE LLEVADORES<\/strong><\/em>.<\/p>\n\n\n\n<p>Esta entidad tratar\u00e1 los datos de manera confidencial y exclusivamente con el fin de ofrecer los servicios solicitados, con todas las garant\u00edas legales y de seguridad que impone el Reglamento (UE) 2016\/679 del Parlamento Europeo y del Consejo, de 27 de abril de 2016, relativo a la protecci\u00f3n de las personas f\u00edsicas en cuanto al tratamiento de datos personales y a la libre circulaci\u00f3n de estos datos y la Ley 34\/2002, de 11 de julio, de Servicios de la Sociedad de la Informaci\u00f3n y Comercio Electr\u00f3nico.<\/p>\n\n\n\n<h2 class=\"wp-block-heading\">Qui\u00e9n es el responsable de tratamiento de sus datos?<\/h2>\n\n\n\n<ul class=\"wp-block-list\">\n<li>El responsable es <em><strong>ASSOCIACI\u00d3 CATALANA DE LLEVADORES<\/strong><\/em><\/li>\n\n\n\n<li>Su CIF es: <strong><em>G58523325<\/em><\/strong><\/li>\n\n\n\n<li>Su domicilio est\u00e1 en:<strong> <em><strong><em>CARRER TOSCA 12, 08193, CERDANYOLA DEL VALL\u00c8S, BARCELONA<\/em><\/strong><\/em><\/strong><\/li>\n\n\n\n<li>Correo electr\u00f3nico:<strong> <\/strong><strong><em>llevadores@llevadores.cat<\/em><\/strong><\/li>\n<\/ul>\n\n\n\n<h3 class=\"wp-block-heading\">CONTACTO DELEGADO DE PROTECCI\u00d3N DE DATOS<\/h3>\n\n\n\n<p><em>llevadores@llevadores.cat<\/em><\/p>\n\n\n\n<h2 class=\"wp-block-heading\">Con qu\u00e9 finalidad tratamos sus datos personales?<\/h2>\n\n\n\n<p>En<strong> <\/strong><em><strong>ASOCIACI\u00d3N CATALANA DE LEVADORAS<\/strong><\/em> tratamos la informaci\u00f3n que nos facilitan los interesados \u200b\u200bde forma leal, l\u00edcita y transparente dando cumplimiento a la normativa UE 2016\/679 de 27 de abril del Parlamento Europeo y del Consejo y Ley 3\/2018 de 5 de diciembre de Protecci\u00f3n de datos y garant\u00eda de derechos digitales.<\/p>\n\n\n\n<h3 class=\"wp-block-heading\">Si eres CLIENTE o USUARIO:<\/h3>\n\n\n\n<p>Si eres cliente o usuario, trataremos las siguientes categor\u00edas de datos personales:<\/p>\n\n\n\n<ul class=\"wp-block-list\">\n<li>Datos identificativos (nombre, apellidos, DNI\u2026)<\/li>\n\n\n\n<li>Datos de contacto (correo electr\u00f3nico, Whatsapp\u2026)<\/li>\n\n\n\n<li>Datos bancarios (n\u00famero de cuenta, tarjeta bancaria\u2026)<\/li>\n\n\n\n<li>Otros datos (facilidades por el interesado en formularios abiertos o comunicaciones)<\/li>\n<\/ul>\n\n\n\n<h4 class=\"wp-block-heading\">Tratamos tus datos con el fin de:<\/h4>\n\n\n\n<ul class=\"wp-block-list\">\n<li>Gestionar los servicios, informaci\u00f3n y\/o productos solicitados.<\/li>\n\n\n\n<li>Enviar comunicaciones de inter\u00e9s (si el interesado hubiera prestado la debida autorizaci\u00f3n)<\/li>\n\n\n\n<li>Cumplir las obligaciones legales aplicables al responsable.<\/li>\n<\/ul>\n\n\n\n<h3 class=\"wp-block-heading\">Si eres EMPLEADO o SOLICITANTE DE OCUPACI\u00d3N:<\/h3>\n\n\n\n<p>Si eres empleado o solicitando\/candidato, trataremos las siguientes categor\u00edas de datos personales<\/p>\n\n\n\n<ul class=\"wp-block-list\">\n<li>Datos identificativos (nombre, apellidos, DNI\u2026)<\/li>\n\n\n\n<li>Datos incluidos en el curriculum vitae (Estudios, experiencia laboral, aficiones\u2026)<\/li>\n\n\n\n<li>Datos de contacto (correo electr\u00f3nico, Whatsapp\u2026)<\/li>\n\n\n\n<li>Datos bancarios (n\u00famero de cuenta, titular, mandato SEPA)<\/li>\n\n\n\n<li>Imagen<\/li>\n\n\n\n<li>Otros datos (facilidades por el interesado en formularios abiertos o comunicaciones)<\/li>\n<\/ul>\n\n\n\n<h4 class=\"wp-block-heading\">Tratamos tus datos con el fin de:<\/h4>\n\n\n\n<ul class=\"wp-block-list\">\n<li>Gestionar los derechos y obligaciones relativos a la relaci\u00f3n contractual.<\/li>\n\n\n\n<li>Selecci\u00f3n de candidatos<\/li>\n\n\n\n<li>Uso, reproducci\u00f3n o publicaci\u00f3n de imagen, nombre y voz (si el interesado hubiera prestado la debida autorizaci\u00f3n)<\/li>\n\n\n\n<li>Cumplir las obligaciones legales de las empresas.<\/li>\n<\/ul>\n\n\n\n<h3 class=\"wp-block-heading\">Si eres PROVEEDOR de nuestra empresa:<\/h3>\n\n\n\n<p>Si eres proveedor, trataremos las siguientes categor\u00edas de datos personales:<\/p>\n\n\n\n<ul class=\"wp-block-list\">\n<li>Datos identificativos (nombre, apellidos, DNI\u2026)<\/li>\n\n\n\n<li>Datos de contacto (correo electr\u00f3nico, Whatsapp\u2026)<\/li>\n\n\n\n<li>Datos bancarios (n\u00famero de cuenta, facturaci\u00f3n\u2026)<\/li>\n\n\n\n<li>Otros datos (facilidades por el interesado en formularios abiertos o comunicaciones)<\/li>\n<\/ul>\n\n\n\n<h4 class=\"wp-block-heading\">Tratamos tus datos con el fin de:<\/h4>\n\n\n\n<ul class=\"wp-block-list\">\n<li>Gesti\u00f3n administrativa, contable y fiscal.<\/li>\n\n\n\n<li>Seguimiento y control de la relaci\u00f3n mercantil.<\/li>\n\n\n\n<li>Cumplir las obligaciones legales de las empresas<\/li>\n<\/ul>\n\n\n\n<h2 class=\"wp-block-heading\">Estoy obligado a facilitar los datos personales?<\/h2>\n\n\n\n<p><em><strong>ASSOCIACI\u00d3 CATALANA DE LLEVADORES<\/strong><\/em> solo solicitar\u00e1 los datos estrictamente necesarios para la realizaci\u00f3n de la finalidad para la cual son recaudados, por lo cual en caso de no ser facilitados no podr\u00e1 prestarse el servicio solicitado.<\/p>\n\n\n\n<h2 class=\"wp-block-heading\">Por cu\u00e1nto tiempo conservaremos sus datos?<\/h2>\n\n\n\n<p>Los datos personales proporcionados y obtenidos durante la relaci\u00f3n entre el interesado y <em><strong>ASOCIACI\u00d3N CATALANA DE LEVADORAS<\/strong><\/em> ser\u00e1n conservados durante un plazo m\u00e1ximo de 5 a\u00f1os a partir de la \u00faltima confirmaci\u00f3n de inter\u00e9s o mientras nos obligue una previsi\u00f3n legal, en cuyo caso ser\u00e1n conservados debidamente bloqueados y eliminados cuando no sea necesario<\/p>\n\n\n\n<h2 class=\"wp-block-heading\">Cu\u00e1l es la legitimaci\u00f3n para el tratamiento de sus datos?<\/h2>\n\n\n\n<p>En cumplimiento del art\u00edculo 6.1 del Reglamento UE 2016\/679 de 27 de abril lo informamos que la legitimaci\u00f3n para el tratamiento de sus datos es la siguiente:<\/p>\n\n\n\n<ol class=\"wp-block-list\">\n<li><em>el interesado dio su consentimiento para el tratamiento de sus datos personales para uno o varios fines espec\u00edficos y\/o<\/em><\/li>\n\n\n\n<li><em>el tratamiento es necesario para el cumplimiento de una obligaci\u00f3n legal aplicable al responsable del tratamiento y\/o<\/em><\/li>\n\n\n\n<li><em>el tratamiento es necesario para la satisfacci\u00f3n de intereses leg\u00edtimos perseguidos por el responsable del tratamiento o por un tercero, siempre que sobre estos intereses no prevalezcan los intereses o los derechos y libertades fundamentales del interesado que requieran la protecci\u00f3n de datos personales, en particular cuando el interesado sea un ni\u00f1o.<\/em><\/li>\n<\/ol>\n\n\n\n<h2 class=\"wp-block-heading\">A qu\u00e9 destinatarios se comunicar\u00e1n sus datos?<\/h2>\n\n\n\n<p>Los datos tratados por <em><strong>ASSOCIACI\u00d3 CATALANA DE LLEVADORES<\/strong><\/em> podr\u00e1n ser comunicados a terceros cuando as\u00ed nos obligue una previsi\u00f3n legal.<\/p>\n\n\n\n<p>As\u00ed mismo <em><strong>ASSOCIACI\u00d3 CATALANA DE LLEVADORES<\/strong><\/em> cuenta con proveedores de servicios para los cuales es necesario realizar comunicaci\u00f3n de datos en diferentes \u00e1reas empresariales (administraci\u00f3n, contabilidad, fiscalidad, marketing, laboral\u2026). La relaci\u00f3n con estas empresas est\u00e1 regulada seg\u00fan el art\u00edculo 28 del Reglamento UE 2016\/679 de 27 de abril del Parlamento Europeo y del Consejo (RGPD). Los datos accedidos desde estas empresas solo ser\u00e1n utilizados para el fin empresarial necesario no siendo conservados para cualquier fin ulterior.<\/p>\n\n\n\n<h2 class=\"wp-block-heading\">Cu\u00e1les son sus derechos cuando nos facilita sus datos?<\/h2>\n\n\n\n<p>Cualquier interesado tiene derecho a obtener confirmaci\u00f3n sobre s\u00ed en <em><strong>ASSOCIACI\u00d3 CATALANA DE LLEVADORES<\/strong><\/em> estamos tratando los datos personales que lo conciernan o no.<\/p>\n\n\n\n<p>Las personas interesadas tienen derecho a acceder a sus datos personales, as\u00ed como solicitar la rectificaci\u00f3n de datos inexactos o, en su caso, solicitar su supresi\u00f3n cuando, entre otros motivos, los datos ya no sean necesarios para los fines para los cuales fueron recogidos.<\/p>\n\n\n\n<p>En determinadas circunstancias, los interesados podr\u00e1n solicitar la limitaci\u00f3n del tratamiento de sus datos, y en este caso \u00fanicamente los conservaremos para el ejercicio o la defensa de reclamaciones. Los usuarios tambi\u00e9n podr\u00e1n oponerse al tratamiento de sus datos. <em><strong>ASSOCIACI\u00d3 CATALANA DE LLEVADORES<\/strong><\/em> dejar\u00e1 de tratar los datos, excepto por motivos leg\u00edtimos imperiosos, o en el ejercicio o defensa de reclamaciones.<\/p>\n\n\n\n<p>El usuario puede enviar un escrito a<em><strong>ASSOCIACI\u00d3 CATALANA DE LLEVADORES<\/strong><\/em>, en el domicilio del responsable, o bien por medio de un correo electr\u00f3nico indicado en el encabezado de la presente Pol\u00edtica, adjuntando fotocopia de su documento de identidad, en cualquier momento y de manera gratuita, para:<\/p>\n\n\n\n<ul class=\"wp-block-list\">\n<li>Revocar los consentimientos otorgados.<\/li>\n\n\n\n<li>Obtener confirmaci\u00f3n sobre si se est\u00e1n tratando datos personales que conciernen el Usuario o no.<\/li>\n\n\n\n<li>Acceder a sus datos personales.<\/li>\n\n\n\n<li>Rectificar los datos inexactos o incompletas.<\/li>\n\n\n\n<li>Solicitar la supresi\u00f3n de sus datos cuando, entre otros motivos, los datos ya no sean necesarios para los hasta que fueron recogidos.<\/li>\n\n\n\n<li>Obtener de la limitaci\u00f3n del tratamiento de los datos cuando se cumpla alguna de las condiciones previstas en la normativa de protecci\u00f3n de datos.<\/li>\n\n\n\n<li>Solicitar la portabilidad de tus datos.<\/li>\n\n\n\n<li>Ponerse en contacto con el DPO de <em><strong>ASSOCIACI\u00d3 CATALANA DE LLEVADORES<\/strong><\/em><\/li>\n\n\n\n<li>Interponer una reclamaci\u00f3n en la autoridad de control (www.aepd.es) en caso de considerar vulnerados los derechos que le son reconocidos por la normativa aplicable en protecci\u00f3n de datos.<\/li>\n<\/ul>\n\n\n\n<p><strong><em><strong>ASSOCIACI\u00d3 CATALANA DE LLEVADORES<\/strong><\/em><\/strong> adopta los niveles de seguridad correspondientes requeridos por la citada normativa de Protecci\u00f3n de Datos de Car\u00e1cter Personal y otra normativa aplicable. Estos niveles de seguridad son obligados para aquellas entidades que accedan a nuestra informaci\u00f3n en virtud de una relaci\u00f3n contractual y\/o prestaci\u00f3n de servicio, en aplicaci\u00f3n del art\u00edculo 28 del Reglamento UE 2016\/679 (RGPD)<\/p>\n\n\n\n<p>Sin embargo, no asume ninguna responsabilidad por los da\u00f1os y perjuicios derivados de alteraciones que terceros pueden causar en los sistemas inform\u00e1ticos, documentos electr\u00f3nicos o ficheros del usuario.<\/p>\n\n\n\n<p>Se podr\u00e1n utilizar cookies durante la prestaci\u00f3n de servicios del sitio web. Las cookies son ficheros f\u00edsicos de informaci\u00f3n personal alojados en el propio terminal del usuario. El usuario tiene la posibilidad de configurar su programa navegador de forma que se impida la creaci\u00f3n de archivos cookie o se advierta de esta. Revise nuestra pol\u00edtica de cookies a trav\u00e9s del enlace que encontrar\u00e1 en esta web.<\/p>\n\n\n\n<p>Nuestra pol\u00edtica respecto al correo electr\u00f3nico se centra en remitir \u00fanicamente comunicaciones que usted haya solicitado recibir.<\/p>\n\n\n\n<p>Si prefiere no recibir estos mensajes por correo electr\u00f3nico le ofreceremos a trav\u00e9s de los mismos la posibilidad de ejercer su derecho de cancelaci\u00f3n y renuncia en la recepci\u00f3n de estos mensajes, en conformidad con lo dispuesto en el T\u00edtulo III, art\u00edculo 22 de la Ley 34\/2002 de Servicios para la Sociedad de la Informaci\u00f3n y de Comercio Electr\u00f3nico.<\/p>\n<\/div><\/div>\n\n<\/div><\/div>","protected":false},"excerpt":{"rendered":"<p>Pol\u00edtica de privacidad Cuando requerimos obtener informaci\u00f3n por su parte, siempre le solicitaremos que nos la proporcione voluntariamente de manera expresa. Los datos recaudados a trav\u00e9s de los formularios de recogida de datos del sitio web u otras v\u00edas ser\u00e1n incorporados a los sistemas de tratamiento de ASSOCIACI\u00d3 CATALANA DE LLEVADORES. Esta entidad tratar\u00e1 los&#8230;<\/p>\n","protected":false},"author":1,"featured_media":0,"parent":0,"menu_order":0,"comment_status":"closed","ping_status":"closed","template":"","meta":{"_acf_changed":false,"_kad_blocks_custom_css":"","_kad_blocks_head_custom_js":"","_kad_blocks_body_custom_js":"","_kad_blocks_footer_custom_js":"","_kad_post_transparent":"","_kad_post_title":"hide","_kad_post_layout":"normal","_kad_post_sidebar_id":"","_kad_post_content_style":"","_kad_post_vertical_padding":"","_kad_post_feature":"","_kad_post_feature_position":"","_kad_post_header":false,"_kad_post_footer":false,"footnotes":""},"class_list":["post-5982","page","type-page","status-publish","hentry"],"acf":[],"taxonomy_info":[],"featured_image_src_large":false,"author_info":{"display_name":"R@u1P3r3zM4rt1n3z","author_link":"https:\/\/formacioacl.com\/es\/author\/ru1p3r3zm4rt1n3z\/"},"comment_info":0,"_links":{"self":[{"href":"https:\/\/formacioacl.com\/es\/wp-json\/wp\/v2\/pages\/5982","targetHints":{"allow":["GET"]}}],"collection":[{"href":"https:\/\/formacioacl.com\/es\/wp-json\/wp\/v2\/pages"}],"about":[{"href":"https:\/\/formacioacl.com\/es\/wp-json\/wp\/v2\/types\/page"}],"author":[{"embeddable":true,"href":"https:\/\/formacioacl.com\/es\/wp-json\/wp\/v2\/users\/1"}],"replies":[{"embeddable":true,"href":"https:\/\/formacioacl.com\/es\/wp-json\/wp\/v2\/comments?post=5982"}],"version-history":[{"count":3,"href":"https:\/\/formacioacl.com\/es\/wp-json\/wp\/v2\/pages\/5982\/revisions"}],"predecessor-version":[{"id":7036,"href":"https:\/\/formacioacl.com\/es\/wp-json\/wp\/v2\/pages\/5982\/revisions\/7036"}],"wp:attachment":[{"href":"https:\/\/formacioacl.com\/es\/wp-json\/wp\/v2\/media?parent=5982"}],"curies":[{"name":"wp","href":"https:\/\/api.w.org\/{rel}","templated":true}]}}